{"id":116,"date":"2025-02-09T16:46:12","date_gmt":"2025-02-09T16:46:12","guid":{"rendered":"https:\/\/psycholog-olsztyn.com\/?page_id=116"},"modified":"2026-01-06T10:39:05","modified_gmt":"2026-01-06T10:39:05","slug":"psychoterapia-grupowa","status":"publish","type":"page","link":"https:\/\/psycholog-olsztyn.com\/index.php\/psychoterapia-grupowa\/","title":{"rendered":"Psychoterapia grupowa"},"content":{"rendered":"\n<p><strong><em>\u00a0Nab\u00f3r do rocznej grupy terapeutycznej\u00a0<\/em><\/strong><\/p>\n\n\n\n<p>Zapraszamy do rocznej grupy terapeutycznej prowadzonej w nurcie<br>humanistyczno-do\u015bwiadczeniowym, dla os\u00f3b, kt\u00f3re chc\u0105 lepiej rozumie\u0107 siebie i swoje relacje z innymi. Osoby zainteresowanie prosz\u0119 o sms (+48 883 132 947) lub email L.KARASINSKI@OUTLOOK.COM.<\/p>\n\n\n\n<p><strong>\u00a0Informacje organizacyjne<\/strong><\/p>\n\n\n\n<ul class=\"wp-block-list\">\n<li>&nbsp;Czas trwania: 12 miesi\u0119cy (02\/2026-02\/2027)<\/li>\n\n\n\n<li>&nbsp;Miejsce: ul. Kanta, Olsztyn (blisko p\u0119tli tramwajowej Kanta)<\/li>\n\n\n\n<li>&nbsp;Spotkania: 1 raz w tygodniu<\/li>\n\n\n\n<li>&nbsp;Termin: wtorek, 18:30\u201320:30 (1 h 45 min)<\/li>\n\n\n\n<li>&nbsp;Koszt: 150 z\u0142 za spotkanie<\/li>\n\n\n\n<li>&nbsp;Zobowi\u0105zanie: udzia\u0142 na okres roku<\/li>\n\n\n\n<li>&nbsp;Nieobecno\u015bci: 4 spotkania w roku z mo\u017cliwo\u015bci\u0105 bezp\u0142atnego odwo\u0142ania<\/li>\n\n\n\n<li>\u00a0Forma: kameralna grupa \u2013 maks. 9 os\u00f3b<\/li>\n<\/ul>\n\n\n\n<p><strong>\u00a0Prowadzenie<br><\/strong>Grupa prowadzona jest przez dw\u00f3ch do\u015bwiadczonych psychoterapeut\u00f3w: \u0141ukasza Karasi\u0144skiego (cert. psychoterapeuta PTPG i EAGT, psycholog) oraz Monik\u0119 Hausman Pniewsk\u0105 (cert. psychoterapeuta EAGT).<\/p>\n\n\n\n<p><em>Zapewniamy bezpieczn\u0105, poufn\u0105 i wspieraj\u0105c\u0105 przestrze\u0144 do pracy terapeutycznej.<\/em><\/p>\n\n\n\n<p><strong>\u00a0Dla kogo jest ta grupa?<\/strong><\/p>\n\n\n\n<p><strong>Dla os\u00f3b, kt\u00f3re:<\/strong><\/p>\n\n\n\n<ul class=\"wp-block-list\">\n<li>&nbsp;chc\u0105 pozna\u0107 sw\u00f3j styl budowania relacji i schematy blisko\u015bci,<\/li>\n\n\n\n<li>\u00a0do\u015bwiadczaj\u0105 trudno\u015bci w relacjach (partnerskich, rodzinnych, zawodowych),<\/li>\n\n\n\n<li>&nbsp;szukaj\u0105 wsparcia, ale tak\u017ce chc\u0105 uczy\u0107 si\u0119, jak dawa\u0107 je innym,<\/li>\n\n\n\n<li>&nbsp;chc\u0105 lepiej rozumie\u0107 swoje emocje, potrzeby i granice,<\/li>\n\n\n\n<li>&nbsp;s\u0105 gotowe na do\u015bwiadczeniow\u0105 prac\u0119 w grupie, opart\u0105 na autentycznym kontakcie \u201etu i teraz\u201d.<\/li>\n<\/ul>\n\n\n\n<p><strong>\u00a0Co oferuje grupa?<\/strong><\/p>\n\n\n\n<ul class=\"wp-block-list\">\n<li>\u00a0przygl\u0105danie si\u0119 sobie w realnych relacjach grupowych,<\/li>\n\n\n\n<li>&nbsp;pog\u0142\u0119bianie samo\u015bwiadomo\u015bci emocjonalnej i relacyjnej,<\/li>\n\n\n\n<li>&nbsp;do\u015bwiadczenie bycia widzianym i s\u0142yszanym w bezpiecznej, kameralnej strukturze,<\/li>\n\n\n\n<li>&nbsp;d\u0142ugoterminowy proces sprzyjaj\u0105cy trwa\u0142ym zmianom.&nbsp;<\/li>\n<\/ul>\n\n\n\n<figure class=\"wp-block-image size-large\"><img loading=\"lazy\" decoding=\"async\" width=\"1024\" height=\"683\" src=\"https:\/\/psycholog-olsztyn.com\/wp-content\/uploads\/2026\/01\/635e3ae5-bdda-4f6f-a914-17e8ec5161d3-1024x683.png\" alt=\"\" class=\"wp-image-144\" srcset=\"https:\/\/psycholog-olsztyn.com\/wp-content\/uploads\/2026\/01\/635e3ae5-bdda-4f6f-a914-17e8ec5161d3-1024x683.png 1024w, https:\/\/psycholog-olsztyn.com\/wp-content\/uploads\/2026\/01\/635e3ae5-bdda-4f6f-a914-17e8ec5161d3-300x200.png 300w, https:\/\/psycholog-olsztyn.com\/wp-content\/uploads\/2026\/01\/635e3ae5-bdda-4f6f-a914-17e8ec5161d3-768x512.png 768w, https:\/\/psycholog-olsztyn.com\/wp-content\/uploads\/2026\/01\/635e3ae5-bdda-4f6f-a914-17e8ec5161d3.png 1536w\" sizes=\"auto, (max-width: 1024px) 100vw, 1024px\" \/><\/figure>\n","protected":false},"excerpt":{"rendered":"<p>\u00a0Nab\u00f3r do rocznej grupy terapeutycznej\u00a0 Zapraszamy do rocznej grupy terapeutycznej prowadzonej w nurciehumanistyczno-do\u015bwiadczeniowym, dla os\u00f3b, kt\u00f3re chc\u0105 lepiej rozumie\u0107 siebie i swoje relacje z innymi. Osoby zainteresowanie prosz\u0119 o sms (+48 883 132 947) lub email L.KARASINSKI@OUTLOOK.COM. \u00a0Informacje organizacyjne \u00a0ProwadzenieGrupa &hellip; <a href=\"https:\/\/psycholog-olsztyn.com\/index.php\/psychoterapia-grupowa\/\">Czytaj dalej <span class=\"meta-nav\">&rarr;<\/span><\/a><\/p>\n","protected":false},"author":1,"featured_media":0,"parent":0,"menu_order":0,"comment_status":"closed","ping_status":"closed","template":"","meta":{"footnotes":""},"class_list":["post-116","page","type-page","status-publish","hentry"],"_links":{"self":[{"href":"https:\/\/psycholog-olsztyn.com\/index.php\/wp-json\/wp\/v2\/pages\/116","targetHints":{"allow":["GET"]}}],"collection":[{"href":"https:\/\/psycholog-olsztyn.com\/index.php\/wp-json\/wp\/v2\/pages"}],"about":[{"href":"https:\/\/psycholog-olsztyn.com\/index.php\/wp-json\/wp\/v2\/types\/page"}],"author":[{"embeddable":true,"href":"https:\/\/psycholog-olsztyn.com\/index.php\/wp-json\/wp\/v2\/users\/1"}],"replies":[{"embeddable":true,"href":"https:\/\/psycholog-olsztyn.com\/index.php\/wp-json\/wp\/v2\/comments?post=116"}],"version-history":[{"count":4,"href":"https:\/\/psycholog-olsztyn.com\/index.php\/wp-json\/wp\/v2\/pages\/116\/revisions"}],"predecessor-version":[{"id":146,"href":"https:\/\/psycholog-olsztyn.com\/index.php\/wp-json\/wp\/v2\/pages\/116\/revisions\/146"}],"wp:attachment":[{"href":"https:\/\/psycholog-olsztyn.com\/index.php\/wp-json\/wp\/v2\/media?parent=116"}],"curies":[{"name":"wp","href":"https:\/\/api.w.org\/{rel}","templated":true}]}}