{"id":25,"date":"2022-12-28T13:27:17","date_gmt":"2022-12-28T13:27:17","guid":{"rendered":"http:\/\/www.psychoterapia-olsztyn.com\/?page_id=25"},"modified":"2025-06-21T16:48:05","modified_gmt":"2025-06-21T16:48:05","slug":"o-mnie","status":"publish","type":"page","link":"https:\/\/psycholog-olsztyn.com\/index.php\/o-mnie\/","title":{"rendered":"O mnie"},"content":{"rendered":"\n<h1 class=\"wp-block-heading\">Wykszta\u0142cenie<\/h1>\n\n\n\n<div class=\"wp-block-media-text alignwide is-stacked-on-mobile\" style=\"grid-template-columns:25% auto\"><figure class=\"wp-block-media-text__media\"><img loading=\"lazy\" decoding=\"async\" width=\"481\" height=\"493\" src=\"https:\/\/psycholog-olsztyn.com\/wp-content\/uploads\/2025\/01\/iipg.png\" alt=\"\" class=\"wp-image-98 size-full\" srcset=\"https:\/\/psycholog-olsztyn.com\/wp-content\/uploads\/2025\/01\/iipg.png 481w, https:\/\/psycholog-olsztyn.com\/wp-content\/uploads\/2025\/01\/iipg-293x300.png 293w\" sizes=\"auto, (max-width: 481px) 100vw, 481px\" \/><\/figure><div class=\"wp-block-media-text__content\">\n<p>Uko\u0144czy\u0142em 4 letnie studia podyplomowe z psychoterapii w Instytucie Integralnej Psychoterapii Gestalt w Krakowie (o\/Warszawa). Uzyskuj\u0105c certyfikat EAGT (<a href=\"https:\/\/drive.google.com\/file\/d\/1WBgYR4F1rBvYLJkA-Gh7ePHO8xHMkhqW\/view?usp=sharing\">link<\/a>) oraz certyfikat Polskiego Towarzystwa Psychoterapii Gestalt (<a href=\"https:\/\/drive.google.com\/file\/d\/1aJg4GQ07q338dU47zOJ_hxeBgjE5LEpV\/view?usp=sharing\">link 1<\/a>, <a href=\"https:\/\/drive.google.com\/file\/d\/1xiABDfwbJmZ8JDlERSTjWG6Ovw2CHAxF\/view?usp=sharing\">link 2<\/a>). Instytut posiada akredytacj\u0119 Polskiego Towarzystwa Psychologicznego, Europejskiego Towarzystwa Psychoterapii Gestalt (EAGT), Polskiego Towarzystwa Psychoterapii Gestalt i Europejskiego Stowarzyszenia na rzecz Psychoterapii (EAP). Uzyskane kwalifikacje s\u0105 zgodne z wytycznymi MZ.<\/p>\n<\/div><\/div>\n\n\n\n<div class=\"wp-block-media-text alignwide is-stacked-on-mobile\" style=\"grid-template-columns:25% auto\"><figure class=\"wp-block-media-text__media\"><img loading=\"lazy\" decoding=\"async\" width=\"225\" height=\"225\" src=\"https:\/\/psycholog-olsztyn.com\/wp-content\/uploads\/2025\/01\/images.png\" alt=\"\" class=\"wp-image-100 size-full\" srcset=\"https:\/\/psycholog-olsztyn.com\/wp-content\/uploads\/2025\/01\/images.png 225w, https:\/\/psycholog-olsztyn.com\/wp-content\/uploads\/2025\/01\/images-150x150.png 150w\" sizes=\"auto, (max-width: 225px) 100vw, 225px\" \/><\/figure><div class=\"wp-block-media-text__content\">\n<p>Uko\u0144czy\u0142em Instytut Psychologii Uniwersytetu Opolskiego, uzyskuj\u0105c tytu\u0142 zawodowy magistra psychologii. W ramach pracy magisterskiej bada\u0142em wp\u0142yw Ja-realnego oraz Ja-idealnego na kondycj\u0119 psychologiczn\u0105 m\u0119\u017cczyzn.<\/p>\n<\/div><\/div>\n\n\n\n<div class=\"wp-block-media-text alignwide is-stacked-on-mobile\" style=\"grid-template-columns:25% auto\"><figure class=\"wp-block-media-text__media\"><img loading=\"lazy\" decoding=\"async\" width=\"709\" height=\"709\" src=\"https:\/\/psycholog-olsztyn.com\/wp-content\/uploads\/2025\/01\/godlo-SGH-czarne-jpg.jpg\" alt=\"\" class=\"wp-image-101 size-full\" srcset=\"https:\/\/psycholog-olsztyn.com\/wp-content\/uploads\/2025\/01\/godlo-SGH-czarne-jpg.jpg 709w, https:\/\/psycholog-olsztyn.com\/wp-content\/uploads\/2025\/01\/godlo-SGH-czarne-jpg-300x300.jpg 300w, https:\/\/psycholog-olsztyn.com\/wp-content\/uploads\/2025\/01\/godlo-SGH-czarne-jpg-150x150.jpg 150w\" sizes=\"auto, (max-width: 709px) 100vw, 709px\" \/><\/figure><div class=\"wp-block-media-text__content\">\n<p>Uko\u0144czy\u0142em studia podyplomowe zwi\u0105zane z rozwojem kapita\u0142u ludzkiego w organizacji oraz HR Business Partnering. <\/p>\n<\/div><\/div>\n\n\n\n<hr class=\"wp-block-separator has-alpha-channel-opacity\"\/>\n\n\n\n<h1 class=\"wp-block-heading\">Wsp\u00f3\u0142praca <\/h1>\n\n\n\n<div class=\"wp-block-media-text alignwide is-stacked-on-mobile\" style=\"grid-template-columns:25% auto\"><figure class=\"wp-block-media-text__media\"><img loading=\"lazy\" decoding=\"async\" width=\"1024\" height=\"804\" src=\"https:\/\/psycholog-olsztyn.com\/wp-content\/uploads\/2025\/01\/logo-1024x804.webp\" alt=\"\" class=\"wp-image-102 size-full\" srcset=\"https:\/\/psycholog-olsztyn.com\/wp-content\/uploads\/2025\/01\/logo-1024x804.webp 1024w, https:\/\/psycholog-olsztyn.com\/wp-content\/uploads\/2025\/01\/logo-300x235.webp 300w, https:\/\/psycholog-olsztyn.com\/wp-content\/uploads\/2025\/01\/logo-768x603.webp 768w, https:\/\/psycholog-olsztyn.com\/wp-content\/uploads\/2025\/01\/logo-1536x1205.webp 1536w, https:\/\/psycholog-olsztyn.com\/wp-content\/uploads\/2025\/01\/logo-2048x1607.webp 2048w\" sizes=\"auto, (max-width: 1024px) 100vw, 1024px\" \/><\/figure><div class=\"wp-block-media-text__content\">\n<p>Wsp\u00f3\u0142pracuj\u0119 z Centrum Psychiatrii Anima w Olsztynie, gdzie prowadz\u0119 psychoterapi\u0119 w poradni nerwic w ramach kontraktu NFZ oraz wsp\u00f3\u0142prowadz\u0119 Oddzia\u0142 Dzienny Leczenia Zaburze\u0144 Nerwicowych. <\/p>\n<\/div><\/div>\n\n\n\n<div class=\"wp-block-media-text alignwide is-stacked-on-mobile\" style=\"grid-template-columns:25% auto\"><figure class=\"wp-block-media-text__media\"><img loading=\"lazy\" decoding=\"async\" width=\"200\" height=\"200\" src=\"https:\/\/psycholog-olsztyn.com\/wp-content\/uploads\/2025\/01\/pobrane.jpg\" alt=\"\" class=\"wp-image-103 size-full\" srcset=\"https:\/\/psycholog-olsztyn.com\/wp-content\/uploads\/2025\/01\/pobrane.jpg 200w, https:\/\/psycholog-olsztyn.com\/wp-content\/uploads\/2025\/01\/pobrane-150x150.jpg 150w\" sizes=\"auto, (max-width: 200px) 100vw, 200px\" \/><\/figure><div class=\"wp-block-media-text__content\">\n<p>Wsp\u00f3\u0142pracuje w Chestnut Global Partners Europe, gdzie jestem ekspertem obs\u0142uguj\u0105cym lini\u0119 wsparcia psychologicznego dla pracownik\u00f3w najwi\u0119kszych polskich firm i korporacji. <\/p>\n<\/div><\/div>\n\n\n\n<hr class=\"wp-block-separator has-alpha-channel-opacity\"\/>\n\n\n\n<h2 class=\"wp-block-heading\">Przynale\u017cno\u015b\u0107 do towarzystw zawodowych <\/h2>\n\n\n\n<div class=\"wp-block-media-text alignwide is-stacked-on-mobile\" style=\"grid-template-columns:25% auto\"><figure class=\"wp-block-media-text__media\"><img loading=\"lazy\" decoding=\"async\" width=\"225\" height=\"225\" src=\"https:\/\/psycholog-olsztyn.com\/wp-content\/uploads\/2025\/01\/ptpg.jpg\" alt=\"\" class=\"wp-image-105 size-full\" srcset=\"https:\/\/psycholog-olsztyn.com\/wp-content\/uploads\/2025\/01\/ptpg.jpg 225w, https:\/\/psycholog-olsztyn.com\/wp-content\/uploads\/2025\/01\/ptpg-150x150.jpg 150w\" sizes=\"auto, (max-width: 225px) 100vw, 225px\" \/><\/figure><div class=\"wp-block-media-text__content\">\n<p>Jestem cz\u0142onkiem Polskiego Towarzystwa Psychoterapii Gestalt. Pracuj\u0119 pod kodeksem etycznym tego stowarzyszenia. <\/p>\n<\/div><\/div>\n\n\n\n<div class=\"wp-block-media-text is-stacked-on-mobile\" style=\"grid-template-columns:26% auto\"><figure class=\"wp-block-media-text__media\"><img loading=\"lazy\" decoding=\"async\" width=\"313\" height=\"161\" src=\"https:\/\/psycholog-olsztyn.com\/wp-content\/uploads\/2025\/01\/pobrane-1.jpg\" alt=\"\" class=\"wp-image-106 size-full\" srcset=\"https:\/\/psycholog-olsztyn.com\/wp-content\/uploads\/2025\/01\/pobrane-1.jpg 313w, https:\/\/psycholog-olsztyn.com\/wp-content\/uploads\/2025\/01\/pobrane-1-300x154.jpg 300w\" sizes=\"auto, (max-width: 313px) 100vw, 313px\" \/><\/figure><div class=\"wp-block-media-text__content\">\n<p>Jestem cz\u0142onkiem Europejskiego Stowarzyszenie Psychoterapii Gestalt. <\/p>\n<\/div><\/div>\n","protected":false},"excerpt":{"rendered":"<p>Wykszta\u0142cenie Uko\u0144czy\u0142em 4 letnie studia podyplomowe z psychoterapii w Instytucie Integralnej Psychoterapii Gestalt w Krakowie (o\/Warszawa). Uzyskuj\u0105c certyfikat EAGT (link) oraz certyfikat Polskiego Towarzystwa Psychoterapii Gestalt (link 1, link 2). Instytut posiada akredytacj\u0119 Polskiego Towarzystwa Psychologicznego, Europejskiego Towarzystwa Psychoterapii Gestalt &hellip; <a href=\"https:\/\/psycholog-olsztyn.com\/index.php\/o-mnie\/\">Czytaj dalej <span class=\"meta-nav\">&rarr;<\/span><\/a><\/p>\n","protected":false},"author":2,"featured_media":0,"parent":0,"menu_order":0,"comment_status":"closed","ping_status":"closed","template":"","meta":{"footnotes":""},"class_list":["post-25","page","type-page","status-publish","hentry"],"_links":{"self":[{"href":"https:\/\/psycholog-olsztyn.com\/index.php\/wp-json\/wp\/v2\/pages\/25","targetHints":{"allow":["GET"]}}],"collection":[{"href":"https:\/\/psycholog-olsztyn.com\/index.php\/wp-json\/wp\/v2\/pages"}],"about":[{"href":"https:\/\/psycholog-olsztyn.com\/index.php\/wp-json\/wp\/v2\/types\/page"}],"author":[{"embeddable":true,"href":"https:\/\/psycholog-olsztyn.com\/index.php\/wp-json\/wp\/v2\/users\/2"}],"replies":[{"embeddable":true,"href":"https:\/\/psycholog-olsztyn.com\/index.php\/wp-json\/wp\/v2\/comments?post=25"}],"version-history":[{"count":3,"href":"https:\/\/psycholog-olsztyn.com\/index.php\/wp-json\/wp\/v2\/pages\/25\/revisions"}],"predecessor-version":[{"id":133,"href":"https:\/\/psycholog-olsztyn.com\/index.php\/wp-json\/wp\/v2\/pages\/25\/revisions\/133"}],"wp:attachment":[{"href":"https:\/\/psycholog-olsztyn.com\/index.php\/wp-json\/wp\/v2\/media?parent=25"}],"curies":[{"name":"wp","href":"https:\/\/api.w.org\/{rel}","templated":true}]}}