{"id":58,"date":"2022-12-28T13:00:53","date_gmt":"2022-12-28T13:00:53","guid":{"rendered":"http:\/\/www.psychoterapia-olsztyn.com\/?page_id=5"},"modified":"2026-01-06T10:33:36","modified_gmt":"2026-01-06T10:33:36","slug":"cennik","status":"publish","type":"page","link":"https:\/\/psycholog-olsztyn.com\/index.php\/cennik\/","title":{"rendered":"Cennik"},"content":{"rendered":"\n<p>Konsultacja psychologiczna \u2013 50 minut (1 wizyta) \u2013 <strong>250 z\u0142<\/strong><\/p>\n\n\n\n<p>Psychoterapia \/ Poradnictwo psychologiczne \u2013 50 minut (kolejna wizyta) \u2013 <strong>250 z\u0142<\/strong><\/p>\n\n\n\n<p>Pomoc online (Google Meets) \u2013 ceny takie same jak w przypadku wizyty stacjonarnej.<\/p>\n\n\n\n<p><strong>Um\u00f3wione spotkania mo\u017cna odwo\u0142a\u0107 \u2013 zar\u00f3wno SMS lub telefonicznie, co najmniej 24h przed planowan\u0105 sesj\u0105<\/strong>. W przypadku braku kontaktu ze strony klienta (lub p\u00f3\u017aniej ni\u017c przewidziano), klient jest zobowi\u0105zany do <span style=\"text-decoration: underline;\">zap\u0142aty 100%<\/span> op\u0142aty za niezrealizowanie us\u0142ugi, w ramach kolejnej sesji.<\/p>\n\n\n\n<p><\/p>\n","protected":false},"excerpt":{"rendered":"<p>Konsultacja psychologiczna \u2013 50 minut (1 wizyta) \u2013 250 z\u0142 Psychoterapia \/ Poradnictwo psychologiczne \u2013 50 minut (kolejna wizyta) \u2013 250 z\u0142 Pomoc online (Google Meets) \u2013 ceny takie same jak w przypadku wizyty stacjonarnej. Um\u00f3wione spotkania mo\u017cna odwo\u0142a\u0107 \u2013 &hellip; <a href=\"https:\/\/psycholog-olsztyn.com\/index.php\/cennik\/\">Czytaj dalej <span class=\"meta-nav\">&rarr;<\/span><\/a><\/p>\n","protected":false},"author":2,"featured_media":0,"parent":0,"menu_order":0,"comment_status":"closed","ping_status":"closed","template":"","meta":{"footnotes":""},"class_list":["post-58","page","type-page","status-publish","hentry"],"_links":{"self":[{"href":"https:\/\/psycholog-olsztyn.com\/index.php\/wp-json\/wp\/v2\/pages\/58","targetHints":{"allow":["GET"]}}],"collection":[{"href":"https:\/\/psycholog-olsztyn.com\/index.php\/wp-json\/wp\/v2\/pages"}],"about":[{"href":"https:\/\/psycholog-olsztyn.com\/index.php\/wp-json\/wp\/v2\/types\/page"}],"author":[{"embeddable":true,"href":"https:\/\/psycholog-olsztyn.com\/index.php\/wp-json\/wp\/v2\/users\/2"}],"replies":[{"embeddable":true,"href":"https:\/\/psycholog-olsztyn.com\/index.php\/wp-json\/wp\/v2\/comments?post=58"}],"version-history":[{"count":3,"href":"https:\/\/psycholog-olsztyn.com\/index.php\/wp-json\/wp\/v2\/pages\/58\/revisions"}],"predecessor-version":[{"id":141,"href":"https:\/\/psycholog-olsztyn.com\/index.php\/wp-json\/wp\/v2\/pages\/58\/revisions\/141"}],"wp:attachment":[{"href":"https:\/\/psycholog-olsztyn.com\/index.php\/wp-json\/wp\/v2\/media?parent=58"}],"curies":[{"name":"wp","href":"https:\/\/api.w.org\/{rel}","templated":true}]}}