{"id":83,"date":"2023-09-10T11:07:12","date_gmt":"2023-09-10T11:07:12","guid":{"rendered":"https:\/\/www.psychoterapia-olsztyn.com\/?page_id=83"},"modified":"2025-01-01T12:33:23","modified_gmt":"2025-01-01T12:33:23","slug":"psychoterapia-nfz","status":"publish","type":"page","link":"https:\/\/psycholog-olsztyn.com\/index.php\/psychoterapia-nfz\/","title":{"rendered":"Psychoterapia NFZ"},"content":{"rendered":"\n<p>Je\u015bli zmagasz si\u0119 z dolegliwo\u015bciami o charakterze nerwicowym, takimi jak l\u0119ki, nerwice, niepok\u00f3j, fobie, stres czy napi\u0119cie, mo\u017cesz skorzysta\u0107 z bezp\u0142atnego wsparcia oferowanego przez Narodowy Fundusz Zdrowia (NFZ). Centrum Psychiatrii Anima prowadzi Dzienny Oddzia\u0142 Leczenia Nerwic, gdzie mo\u017cesz otrzyma\u0107 profesjonaln\u0105 pomoc.<\/p>\n\n\n\n<p><strong>[Wa\u017cne]<\/strong> Aby skorzysta\u0107 z programu, wymagane jest skierowanie od lekarza rodzinnego lub innego specjalisty posiadaj\u0105cego umow\u0119 z NFZ. Skierowanie powinno zawiera\u0107 rozpoznanie zaburze\u0144 nerwicowych.<\/p>\n\n\n\n<p>Razem z psychoterapeutk\u0105 Monik\u0105 Hausman-Pniewsk\u0105 zapraszamy do udzia\u0142u w intensywnej, 3-miesi\u0119cznej grupie terapeutycznej, odbywaj\u0105cej si\u0119 od poniedzia\u0142ku do pi\u0105tku w godzinach 14:00\u201318:00. W trakcie spotka\u0144 b\u0119dziesz m\u00f3g\u0142 w bezpiecznej atmosferze rozpocz\u0105\u0107 prac\u0119 nad swoimi trudno\u015bciami. Grupa pracuje w podej\u015bciu psychoterapii humanistyczno-do\u015bwiadczeniowej Gestalt. Udzia\u0142 w tej grupie to okazja do powrotu do zdrowia, przepracowania objaw\u00f3w oraz odkrycia alternatywnych sposob\u00f3w radzenia sobie z codziennymi wyzwaniami.<\/p>\n\n\n\n<p>W czasie terapii uczestnicy mog\u0105 uzyska\u0107 zwolnienie lekarskie (L4) na ca\u0142y okres trwania grupy. Przed przyst\u0105pieniem do terapii wymagane s\u0105 spotkania kwalifikacyjne.<\/p>\n\n\n\n<p>Zainteresowane osoby zapraszamy do kontaktu z rejestracj\u0105 pod numerem telefonu <strong>89 526 55 79<\/strong> lub osobi\u015bcie w Centrum Psychiatrii Anima przy ul. Jarockiej 86 w Olsztynie.<strong> Rekrutacja ma charakter ci\u0105g\u0142y &#8211; zapraszamy do zapis\u00f3w na konsultacje<\/strong>. Podczas zapisu prosimy o poinformowanie recepcji, \u017ce chcecie Pa\u0144stwo do\u0142\u0105czy\u0107 do grupy prowadzonej przez psychoterapeutk\u0119 Monik\u0119 Hausman-Pniewsk\u0105 i psychologa \u0141ukasza Karasi\u0144skiego (grupa Gestalt).<\/p>\n\n\n\n<figure class=\"wp-block-image size-large\"><img loading=\"lazy\" decoding=\"async\" width=\"1024\" height=\"1024\" src=\"https:\/\/psycholog-olsztyn.com\/wp-content\/uploads\/2025\/01\/465462960_1056977616225760_3369320647107890652_n-1024x1024.jpg\" alt=\"\" class=\"wp-image-110\" srcset=\"https:\/\/psycholog-olsztyn.com\/wp-content\/uploads\/2025\/01\/465462960_1056977616225760_3369320647107890652_n-1024x1024.jpg 1024w, https:\/\/psycholog-olsztyn.com\/wp-content\/uploads\/2025\/01\/465462960_1056977616225760_3369320647107890652_n-300x300.jpg 300w, https:\/\/psycholog-olsztyn.com\/wp-content\/uploads\/2025\/01\/465462960_1056977616225760_3369320647107890652_n-150x150.jpg 150w, https:\/\/psycholog-olsztyn.com\/wp-content\/uploads\/2025\/01\/465462960_1056977616225760_3369320647107890652_n-768x768.jpg 768w, https:\/\/psycholog-olsztyn.com\/wp-content\/uploads\/2025\/01\/465462960_1056977616225760_3369320647107890652_n.jpg 1080w\" sizes=\"auto, (max-width: 1024px) 100vw, 1024px\" \/><\/figure>\n\n\n\n<blockquote class=\"wp-block-quote is-layout-flow wp-block-quote-is-layout-flow\"><\/blockquote>\n","protected":false},"excerpt":{"rendered":"<p>Je\u015bli zmagasz si\u0119 z dolegliwo\u015bciami o charakterze nerwicowym, takimi jak l\u0119ki, nerwice, niepok\u00f3j, fobie, stres czy napi\u0119cie, mo\u017cesz skorzysta\u0107 z bezp\u0142atnego wsparcia oferowanego przez Narodowy Fundusz Zdrowia (NFZ). Centrum Psychiatrii Anima prowadzi Dzienny Oddzia\u0142 Leczenia Nerwic, gdzie mo\u017cesz otrzyma\u0107 profesjonaln\u0105 &hellip; <a href=\"https:\/\/psycholog-olsztyn.com\/index.php\/psychoterapia-nfz\/\">Czytaj dalej <span class=\"meta-nav\">&rarr;<\/span><\/a><\/p>\n","protected":false},"author":2,"featured_media":0,"parent":0,"menu_order":0,"comment_status":"closed","ping_status":"closed","template":"","meta":{"footnotes":""},"class_list":["post-83","page","type-page","status-publish","hentry"],"_links":{"self":[{"href":"https:\/\/psycholog-olsztyn.com\/index.php\/wp-json\/wp\/v2\/pages\/83","targetHints":{"allow":["GET"]}}],"collection":[{"href":"https:\/\/psycholog-olsztyn.com\/index.php\/wp-json\/wp\/v2\/pages"}],"about":[{"href":"https:\/\/psycholog-olsztyn.com\/index.php\/wp-json\/wp\/v2\/types\/page"}],"author":[{"embeddable":true,"href":"https:\/\/psycholog-olsztyn.com\/index.php\/wp-json\/wp\/v2\/users\/2"}],"replies":[{"embeddable":true,"href":"https:\/\/psycholog-olsztyn.com\/index.php\/wp-json\/wp\/v2\/comments?post=83"}],"version-history":[{"count":1,"href":"https:\/\/psycholog-olsztyn.com\/index.php\/wp-json\/wp\/v2\/pages\/83\/revisions"}],"predecessor-version":[{"id":111,"href":"https:\/\/psycholog-olsztyn.com\/index.php\/wp-json\/wp\/v2\/pages\/83\/revisions\/111"}],"wp:attachment":[{"href":"https:\/\/psycholog-olsztyn.com\/index.php\/wp-json\/wp\/v2\/media?parent=83"}],"curies":[{"name":"wp","href":"https:\/\/api.w.org\/{rel}","templated":true}]}}